{"id":201,"date":"2019-09-25T09:26:36","date_gmt":"2019-09-25T07:26:36","guid":{"rendered":"http:\/\/www.deco-design.be\/?page_id=201"},"modified":"2019-11-26T11:31:09","modified_gmt":"2019-11-26T10:31:09","slug":"demander-un-devis","status":"publish","type":"page","link":"https:\/\/www.deco-design.be\/fr\/demander-un-devis\/","title":{"rendered":"Demander un devis"},"content":{"rendered":"\n<div class=\"wpcf7 no-js\" id=\"wpcf7-f587-o1\" lang=\"nl-NL\" dir=\"ltr\">\n<div class=\"screen-reader-response\"><p role=\"status\" aria-live=\"polite\" aria-atomic=\"true\"><\/p> <ul><\/ul><\/div>\n<form action=\"\/fr\/wp-json\/wp\/v2\/pages\/201#wpcf7-f587-o1\" method=\"post\" class=\"wpcf7-form init\" aria-label=\"Contactformulier\" novalidate=\"novalidate\" data-status=\"init\">\n<div style=\"display: none;\">\n<input type=\"hidden\" name=\"_wpcf7\" value=\"587\" \/>\n<input type=\"hidden\" name=\"_wpcf7_version\" value=\"5.9.3\" \/>\n<input type=\"hidden\" name=\"_wpcf7_locale\" value=\"nl_NL\" \/>\n<input type=\"hidden\" name=\"_wpcf7_unit_tag\" value=\"wpcf7-f587-o1\" \/>\n<input type=\"hidden\" name=\"_wpcf7_container_post\" value=\"0\" \/>\n<input type=\"hidden\" name=\"_wpcf7_posted_data_hash\" value=\"\" \/>\n<\/div>\n<p><label>Produit*<\/label><span class=\"wpcf7-form-control-wrap product\" data-name=\"product\"><input type=\"text\" name=\"product\" id=\"\" class=\"wpcf7-form-control wpcf7-text wpcf7dtx wpcf7dtx-text\" aria-invalid=\"false\" required=\"required\" value=\"\" size=\"40\" list=\"\" pattern=\"\" \/><\/span><br \/>\n<label>Nom*<\/label><span class=\"wpcf7-form-control-wrap\" data-name=\"naam\"><input size=\"40\" class=\"wpcf7-form-control wpcf7-text wpcf7-validates-as-required\" aria-required=\"true\" aria-invalid=\"false\" value=\"\" type=\"text\" name=\"naam\" \/><\/span><br \/>\n<label>Adresse e-mail*<\/label><span class=\"wpcf7-form-control-wrap\" data-name=\"email\"><input size=\"40\" class=\"wpcf7-form-control wpcf7-email wpcf7-validates-as-required wpcf7-text wpcf7-validates-as-email\" aria-required=\"true\" aria-invalid=\"false\" value=\"\" type=\"email\" name=\"email\" \/><\/span><br \/>\n<label>Num\u00e9ro de t\u00e9l\u00e9phone<\/label><span class=\"wpcf7-form-control-wrap\" data-name=\"telefoon\"><input size=\"40\" class=\"wpcf7-form-control wpcf7-tel wpcf7-text wpcf7-validates-as-tel\" aria-invalid=\"false\" value=\"\" type=\"tel\" name=\"telefoon\" \/><\/span><br \/>\n<label> Remarques<\/label><span class=\"wpcf7-form-control-wrap\" data-name=\"opmerkingen\"><textarea cols=\"40\" rows=\"10\" class=\"wpcf7-form-control wpcf7-textarea wpcf7-validates-as-required\" aria-required=\"true\" aria-invalid=\"false\" name=\"opmerkingen\"><\/textarea><\/span><br \/>\n<button type=\"submit\" class=\"btn n_btn orange\"><b>Demander un devis<\/b><i class=\"fa fa-caret-right right\"><\/i><\/button>\n<\/p><div class=\"wpcf7-response-output\" aria-hidden=\"true\"><\/div>\n<\/form>\n<\/div>\n\n","protected":false},"excerpt":{"rendered":"","protected":false},"author":1,"featured_media":0,"parent":0,"menu_order":0,"comment_status":"closed","ping_status":"closed","template":"","meta":{"_acf_changed":false,"footnotes":""},"acf":[],"yoast_head":"<!-- This site is optimized with the Yoast SEO plugin v22.3 - https:\/\/yoast.com\/wordpress\/plugins\/seo\/ -->\n<title>Demander un devis - Deco Design<\/title>\n<meta name=\"robots\" content=\"index, follow, max-snippet:-1, max-image-preview:large, max-video-preview:-1\" \/>\n<link rel=\"canonical\" href=\"https:\/\/www.deco-design.be\/fr\/demander-un-devis\/\" \/>\n<meta property=\"og:locale\" content=\"fr_FR\" \/>\n<meta property=\"og:type\" content=\"article\" \/>\n<meta property=\"og:title\" content=\"Demander un devis - Deco Design\" \/>\n<meta property=\"og:url\" content=\"https:\/\/www.deco-design.be\/fr\/demander-un-devis\/\" \/>\n<meta property=\"og:site_name\" content=\"Deco Design\" \/>\n<meta property=\"article:modified_time\" content=\"2019-11-26T10:31:09+00:00\" \/>\n<meta name=\"twitter:card\" content=\"summary_large_image\" \/>\n<script type=\"application\/ld+json\" class=\"yoast-schema-graph\">{\"@context\":\"https:\/\/schema.org\",\"@graph\":[{\"@type\":\"WebPage\",\"@id\":\"https:\/\/www.deco-design.be\/fr\/demander-un-devis\/\",\"url\":\"https:\/\/www.deco-design.be\/fr\/demander-un-devis\/\",\"name\":\"Demander un devis - Deco Design\",\"isPartOf\":{\"@id\":\"https:\/\/www.deco-design.be\/fr\/#website\"},\"datePublished\":\"2019-09-25T07:26:36+00:00\",\"dateModified\":\"2019-11-26T10:31:09+00:00\",\"breadcrumb\":{\"@id\":\"https:\/\/www.deco-design.be\/fr\/demander-un-devis\/#breadcrumb\"},\"inLanguage\":\"fr-FR\",\"potentialAction\":[{\"@type\":\"ReadAction\",\"target\":[\"https:\/\/www.deco-design.be\/fr\/demander-un-devis\/\"]}]},{\"@type\":\"BreadcrumbList\",\"@id\":\"https:\/\/www.deco-design.be\/fr\/demander-un-devis\/#breadcrumb\",\"itemListElement\":[{\"@type\":\"ListItem\",\"position\":1,\"name\":\"Home\",\"item\":\"https:\/\/www.deco-design.be\/fr\/\"},{\"@type\":\"ListItem\",\"position\":2,\"name\":\"Demander un devis\"}]},{\"@type\":\"WebSite\",\"@id\":\"https:\/\/www.deco-design.be\/fr\/#website\",\"url\":\"https:\/\/www.deco-design.be\/fr\/\",\"name\":\"Deco Design\",\"description\":\"\",\"potentialAction\":[{\"@type\":\"SearchAction\",\"target\":{\"@type\":\"EntryPoint\",\"urlTemplate\":\"https:\/\/www.deco-design.be\/fr\/?s={search_term_string}\"},\"query-input\":\"required name=search_term_string\"}],\"inLanguage\":\"fr-FR\"}]}<\/script>\n<!-- \/ Yoast SEO plugin. -->","yoast_head_json":{"title":"Demander un devis - Deco Design","robots":{"index":"index","follow":"follow","max-snippet":"max-snippet:-1","max-image-preview":"max-image-preview:large","max-video-preview":"max-video-preview:-1"},"canonical":"https:\/\/www.deco-design.be\/fr\/demander-un-devis\/","og_locale":"fr_FR","og_type":"article","og_title":"Demander un devis - Deco Design","og_url":"https:\/\/www.deco-design.be\/fr\/demander-un-devis\/","og_site_name":"Deco Design","article_modified_time":"2019-11-26T10:31:09+00:00","twitter_card":"summary_large_image","schema":{"@context":"https:\/\/schema.org","@graph":[{"@type":"WebPage","@id":"https:\/\/www.deco-design.be\/fr\/demander-un-devis\/","url":"https:\/\/www.deco-design.be\/fr\/demander-un-devis\/","name":"Demander un devis - Deco Design","isPartOf":{"@id":"https:\/\/www.deco-design.be\/fr\/#website"},"datePublished":"2019-09-25T07:26:36+00:00","dateModified":"2019-11-26T10:31:09+00:00","breadcrumb":{"@id":"https:\/\/www.deco-design.be\/fr\/demander-un-devis\/#breadcrumb"},"inLanguage":"fr-FR","potentialAction":[{"@type":"ReadAction","target":["https:\/\/www.deco-design.be\/fr\/demander-un-devis\/"]}]},{"@type":"BreadcrumbList","@id":"https:\/\/www.deco-design.be\/fr\/demander-un-devis\/#breadcrumb","itemListElement":[{"@type":"ListItem","position":1,"name":"Home","item":"https:\/\/www.deco-design.be\/fr\/"},{"@type":"ListItem","position":2,"name":"Demander un devis"}]},{"@type":"WebSite","@id":"https:\/\/www.deco-design.be\/fr\/#website","url":"https:\/\/www.deco-design.be\/fr\/","name":"Deco Design","description":"","potentialAction":[{"@type":"SearchAction","target":{"@type":"EntryPoint","urlTemplate":"https:\/\/www.deco-design.be\/fr\/?s={search_term_string}"},"query-input":"required name=search_term_string"}],"inLanguage":"fr-FR"}]}},"_links":{"self":[{"href":"https:\/\/www.deco-design.be\/fr\/wp-json\/wp\/v2\/pages\/201"}],"collection":[{"href":"https:\/\/www.deco-design.be\/fr\/wp-json\/wp\/v2\/pages"}],"about":[{"href":"https:\/\/www.deco-design.be\/fr\/wp-json\/wp\/v2\/types\/page"}],"author":[{"embeddable":true,"href":"https:\/\/www.deco-design.be\/fr\/wp-json\/wp\/v2\/users\/1"}],"replies":[{"embeddable":true,"href":"https:\/\/www.deco-design.be\/fr\/wp-json\/wp\/v2\/comments?post=201"}],"version-history":[{"count":2,"href":"https:\/\/www.deco-design.be\/fr\/wp-json\/wp\/v2\/pages\/201\/revisions"}],"predecessor-version":[{"id":592,"href":"https:\/\/www.deco-design.be\/fr\/wp-json\/wp\/v2\/pages\/201\/revisions\/592"}],"wp:attachment":[{"href":"https:\/\/www.deco-design.be\/fr\/wp-json\/wp\/v2\/media?parent=201"}],"curies":[{"name":"wp","href":"https:\/\/api.w.org\/{rel}","templated":true}]}}