{"id":197,"date":"2019-09-25T09:23:32","date_gmt":"2019-09-25T07:23:32","guid":{"rendered":"http:\/\/www.deco-design.be\/?page_id=197"},"modified":"2020-01-28T12:30:12","modified_gmt":"2020-01-28T11:30:12","slug":"ossature-bois","status":"publish","type":"page","link":"https:\/\/www.deco-design.be\/fr\/ossature-bois\/","title":{"rendered":"Ossature bois"},"content":{"rendered":"<p>Laissez-vous inspirer et d\u00e9couvrez Future, la ligne qui se pr\u00eate parfaitement \u00e0 des constructions modernes et contemporaines. Notre gamme Future vous propose une s\u00e9rie de constructions sobres et contemporaines en ossature bois. Dans cette gamme, l\u2019association du bois de conif\u00e8re thermique et du bois de grange cr\u00e9e une exp\u00e9rience unique.<\/p>\n<p>Le caract\u00e8re moderne souvent minimaliste de ces constructions s\u2019accorde parfaitement avec les styles de construction modernistes actuels. Les structures porteuses, non visibles de l\u2019ext\u00e9rieur, sont constitu\u00e9es de bois d\u2019\u00e9pic\u00e9a lamin\u00e9.<\/p>\n<p><strong>Ossature bois<\/strong><\/p>\n<p><img decoding=\"async\" style=\"margin: 10px 20px 00px 00px; float: left;\" src=\"http:\/\/www.deco-design.be\/wp-content\/uploads\/2020\/01\/houtskelet1.jpg\" alt=\"1\" width=\"150\" height=\"150\" \/>La construction \u00e0 ossature bois est un concept qui est souvent utilis\u00e9 dans la construction des maisons. Ossature en bois est une m\u00e9thode de construction dont les parois sont constitu\u00e9es de cadres en bois qui sont recouverts d\u2019un rev\u00eatement de fa\u00e7ade. Une tr\u00e8s grande vari\u00e9t\u00e9 de mat\u00e9riaux de finition est possible. En fonction de la finition, vous pouvez m\u00eame opter pour des mat\u00e9riaux sans entretien.<\/p>\n<p>Ces cadres en bois sont construits en avance sur notre site de production. Un tr\u00e8s grand avantage de ceci est que le temps de montage sur place pour r\u00e9aliser votre construction devient plus court. En outre il est tr\u00e8s facile \u00e0 isoler car les ouvertures structurelles sont d\u00e9j\u00e0 pr\u00e9vues dans l\u2019ossature en bois. Donc il est facile d\u2019isoler entre les profiles des structures de l\u2019ossature en bois.<\/p>\n<p><img decoding=\"async\" style=\"margin: 10px 00px 00px 20px; float: right;\" src=\"http:\/\/www.deco-design.be\/wp-content\/uploads\/2020\/01\/houtskelet2.jpg\" alt=\"1\" width=\"150\" height=\"150\" \/>Le syst\u00e8me modulaire garantit beaucoup de choix entre des dimensions, des ouvertures, des fen\u00eatres et des portes. En raison de cette tr\u00e8s grande flexibilit\u00e9 en termes de personnalisation et de formes, la construction peut \u00eatre totalement adapt\u00e9e aux souhaits du client.<\/p>\n<p>Contrairement aux autres structures en bois, la construction \u00e0 ossature bois n\u2019est pas soumise au fonctionnement normal du bois. Comme le bois ne se dilate ni ne se contracte, une stabilit\u00e9 et une dur\u00e9e de vie tr\u00e8s \u00e9lev\u00e9es sont garanties. Nos constructions de Deco Design ne n\u00e9cessitent aucun entretien, ce qui permet d\u2019\u00e9liminer l\u2019entretien en forme d\u2019appliquer du primer ou de la peinture.<\/p>\n<p><strong>Bois de conif\u00e8re thermique (Thermowood)<\/strong><\/p>\n<p><img decoding=\"async\" style=\"margin: 10px 20px 00px 00px; float: left;\" src=\"http:\/\/www.deco-design.be\/wp-content\/uploads\/2020\/01\/houtskelet3.jpg\" alt=\"1\" width=\"150\" height=\"150\" \/>Le Thermowood s\u2019obtient gr\u00e2ce au traitement thermique du bois de conif\u00e8re \u00e0 une temp\u00e9rature minimale de 215 \u00b0C. Gr\u00e2ce \u00e0 l\u2019utilisation de la vapeur pour \u00e9viter la formation de fissures et entailles du bois, il en r\u00e9sulte une odeur caract\u00e9ristique de fum\u00e9e.<\/p>\n<p>Les parois externes mesurent 26 x 132 cm comprenant des nervures de 60 mm. La dimension des planchettes mesure 14 x 131 mm. Une fois trait\u00e9, le bois thermique peut \u00eatre compar\u00e9 \u00e0 un bois dur tropical de classe I. Notre bois thermique a une couleur chaude et attirante qui deviendra uniform\u00e9ment grise apr\u00e8s un certain temps.<\/p>\n<p>Le bois thermique ne se d\u00e9forme pratiquement pas et ce traitement augmente consid\u00e9rablement sa durabilit\u00e9 et sa r\u00e9sistance \u00e0 l\u2019humidit\u00e9. Le Thermowood r\u00e9siste aux insectes tels que les longicornes, les petites vrillettes et lyctes bruns. C\u2019est pourquoi que ce mat\u00e9riau est particuli\u00e8rement adapt\u00e9 aux utilisations ext\u00e9rieures.<\/p>\n<p><strong>Bois de grange <\/strong><\/p>\n<p><img decoding=\"async\" style=\"margin: 10px 20px 00px 00px; float: left;\" src=\"http:\/\/www.deco-design.be\/wp-content\/uploads\/2020\/01\/Houtskelet4.jpg\" alt=\"1\" width=\"150\" height=\"150\" \/>Ce rev\u00eatement en bois unique et rustique est fabriqu\u00e9 \u00e0 partir de bois de conif\u00e8re de r\u00e9cup\u00e9ration de plus de 200 ans. Au 19\u00e8me si\u00e8cle, les fermiers construisaient de grandes granges en bois (barns). Aujourd\u2019hui ces granges ne sont plus utilis\u00e9es et sont d\u00e9mont\u00e9es avec soin. Le bois de grange obtenu de la sorte s\u2019inscrit donc parfaitement dans le principe du \u00ab berceau au berceau \u00bb.<\/p>\n<p>Le mat\u00e9riau qui a perdu sa fonction dans une application retrouve son utilit\u00e9 dans une nouvelle application sans perdre de sa qualit\u00e9. En outre, un cycle durable et bon pour l\u2019environnement des mat\u00e9riaux est ainsi cr\u00e9\u00e9. Ce bois authentique patin\u00e9 a une \u00e9paisseur de 20 \u00e0 30 mm et sa largeur varie entre 10 et 25 cm.<\/p>\n<p><strong>Qualit\u00e9 et sans entretien<\/strong><\/p>\n<ul>\n<li>Cadre en \u00e9pic\u00e9a; poutres de 38 x 120 mm<\/li>\n<li>Poutres LVL lamin\u00e9es<\/li>\n<li>Toile hydrofuge entre le rev\u00eatement et le cadre<\/li>\n<li>Solives imperm\u00e9abilis\u00e9es et sous-couches en caoutchouc<\/li>\n<li>Panneaux OSB en EPDM avec \u00e9vacuation int\u00e9gr\u00e9e<\/li>\n<li>Encadrement de porte en bois massif; poutres de 58 x 165 mm<\/li>\n<\/ul>\n<p><strong>Garantie de qualit\u00e9 du bois<\/strong><br \/>\n<img decoding=\"async\" style=\"margin: 10px 20px 00px 00px; float: left;\" src=\"http:\/\/www.deco-design.be\/wp-content\/uploads\/2020\/01\/Houtskelet5.jpg\" alt=\"1\" width=\"100\" height=\"150\" \/><img decoding=\"async\" style=\"margin: 10px 20px 00px 00px; float: left;\" src=\"http:\/\/www.deco-design.be\/wp-content\/uploads\/2020\/01\/Houtskelet6.jpg\" alt=\"1\" width=\"100\" height=\"150\" \/><\/p>\n","protected":false},"excerpt":{"rendered":"<p>Laissez-vous inspirer et d\u00e9couvrez Future, la ligne qui se pr\u00eate parfaitement \u00e0 des constructions modernes et contemporaines. Notre gamme Future vous propose une s\u00e9rie de constructions sobres et contemporaines en ossature bois. Dans cette gamme, l\u2019association du bois de conif\u00e8re thermique et du bois de grange cr\u00e9e une exp\u00e9rience unique. Le caract\u00e8re moderne souvent minimaliste [&hellip;]<\/p>\n","protected":false},"author":1,"featured_media":0,"parent":0,"menu_order":0,"comment_status":"closed","ping_status":"closed","template":"","meta":{"_acf_changed":false,"footnotes":""},"acf":[],"yoast_head":"<!-- This site is optimized with the Yoast SEO plugin v22.3 - https:\/\/yoast.com\/wordpress\/plugins\/seo\/ -->\n<title>Ossature bois - Deco Design<\/title>\n<meta name=\"robots\" content=\"index, follow, max-snippet:-1, max-image-preview:large, max-video-preview:-1\" \/>\n<link rel=\"canonical\" href=\"https:\/\/www.deco-design.be\/fr\/ossature-bois\/\" \/>\n<meta property=\"og:locale\" content=\"fr_FR\" \/>\n<meta property=\"og:type\" content=\"article\" \/>\n<meta property=\"og:title\" content=\"Ossature bois - Deco Design\" \/>\n<meta property=\"og:description\" content=\"Laissez-vous inspirer et d\u00e9couvrez Future, la ligne qui se pr\u00eate parfaitement \u00e0 des constructions modernes et contemporaines. Notre gamme Future vous propose une s\u00e9rie de constructions sobres et contemporaines en ossature bois. Dans cette gamme, l\u2019association du bois de conif\u00e8re thermique et du bois de grange cr\u00e9e une exp\u00e9rience unique. Le caract\u00e8re moderne souvent minimaliste [&hellip;]\" \/>\n<meta property=\"og:url\" content=\"https:\/\/www.deco-design.be\/fr\/ossature-bois\/\" \/>\n<meta property=\"og:site_name\" content=\"Deco Design\" \/>\n<meta property=\"article:modified_time\" content=\"2020-01-28T11:30:12+00:00\" \/>\n<meta property=\"og:image\" content=\"http:\/\/www.deco-design.be\/wp-content\/uploads\/2020\/01\/houtskelet1.jpg\" \/>\n<meta name=\"twitter:card\" content=\"summary_large_image\" \/>\n<meta name=\"twitter:label1\" content=\"Dur\u00e9e de lecture estim\u00e9e\" \/>\n\t<meta name=\"twitter:data1\" content=\"4 minutes\" \/>\n<script type=\"application\/ld+json\" class=\"yoast-schema-graph\">{\"@context\":\"https:\/\/schema.org\",\"@graph\":[{\"@type\":\"WebPage\",\"@id\":\"https:\/\/www.deco-design.be\/fr\/ossature-bois\/\",\"url\":\"https:\/\/www.deco-design.be\/fr\/ossature-bois\/\",\"name\":\"Ossature bois - Deco Design\",\"isPartOf\":{\"@id\":\"https:\/\/www.deco-design.be\/fr\/#website\"},\"primaryImageOfPage\":{\"@id\":\"https:\/\/www.deco-design.be\/fr\/ossature-bois\/#primaryimage\"},\"image\":{\"@id\":\"https:\/\/www.deco-design.be\/fr\/ossature-bois\/#primaryimage\"},\"thumbnailUrl\":\"http:\/\/www.deco-design.be\/wp-content\/uploads\/2020\/01\/houtskelet1.jpg\",\"datePublished\":\"2019-09-25T07:23:32+00:00\",\"dateModified\":\"2020-01-28T11:30:12+00:00\",\"breadcrumb\":{\"@id\":\"https:\/\/www.deco-design.be\/fr\/ossature-bois\/#breadcrumb\"},\"inLanguage\":\"fr-FR\",\"potentialAction\":[{\"@type\":\"ReadAction\",\"target\":[\"https:\/\/www.deco-design.be\/fr\/ossature-bois\/\"]}]},{\"@type\":\"ImageObject\",\"inLanguage\":\"fr-FR\",\"@id\":\"https:\/\/www.deco-design.be\/fr\/ossature-bois\/#primaryimage\",\"url\":\"https:\/\/www.deco-design.be\/wp-content\/uploads\/2020\/01\/houtskelet1.jpg\",\"contentUrl\":\"https:\/\/www.deco-design.be\/wp-content\/uploads\/2020\/01\/houtskelet1.jpg\",\"width\":463,\"height\":271},{\"@type\":\"BreadcrumbList\",\"@id\":\"https:\/\/www.deco-design.be\/fr\/ossature-bois\/#breadcrumb\",\"itemListElement\":[{\"@type\":\"ListItem\",\"position\":1,\"name\":\"Home\",\"item\":\"https:\/\/www.deco-design.be\/fr\/\"},{\"@type\":\"ListItem\",\"position\":2,\"name\":\"Ossature bois\"}]},{\"@type\":\"WebSite\",\"@id\":\"https:\/\/www.deco-design.be\/fr\/#website\",\"url\":\"https:\/\/www.deco-design.be\/fr\/\",\"name\":\"Deco Design\",\"description\":\"\",\"potentialAction\":[{\"@type\":\"SearchAction\",\"target\":{\"@type\":\"EntryPoint\",\"urlTemplate\":\"https:\/\/www.deco-design.be\/fr\/?s={search_term_string}\"},\"query-input\":\"required name=search_term_string\"}],\"inLanguage\":\"fr-FR\"}]}<\/script>\n<!-- \/ Yoast SEO plugin. -->","yoast_head_json":{"title":"Ossature bois - Deco Design","robots":{"index":"index","follow":"follow","max-snippet":"max-snippet:-1","max-image-preview":"max-image-preview:large","max-video-preview":"max-video-preview:-1"},"canonical":"https:\/\/www.deco-design.be\/fr\/ossature-bois\/","og_locale":"fr_FR","og_type":"article","og_title":"Ossature bois - Deco Design","og_description":"Laissez-vous inspirer et d\u00e9couvrez Future, la ligne qui se pr\u00eate parfaitement \u00e0 des constructions modernes et contemporaines. Notre gamme Future vous propose une s\u00e9rie de constructions sobres et contemporaines en ossature bois. Dans cette gamme, l\u2019association du bois de conif\u00e8re thermique et du bois de grange cr\u00e9e une exp\u00e9rience unique. Le caract\u00e8re moderne souvent minimaliste [&hellip;]","og_url":"https:\/\/www.deco-design.be\/fr\/ossature-bois\/","og_site_name":"Deco Design","article_modified_time":"2020-01-28T11:30:12+00:00","og_image":[{"url":"http:\/\/www.deco-design.be\/wp-content\/uploads\/2020\/01\/houtskelet1.jpg"}],"twitter_card":"summary_large_image","twitter_misc":{"Dur\u00e9e de lecture estim\u00e9e":"4 minutes"},"schema":{"@context":"https:\/\/schema.org","@graph":[{"@type":"WebPage","@id":"https:\/\/www.deco-design.be\/fr\/ossature-bois\/","url":"https:\/\/www.deco-design.be\/fr\/ossature-bois\/","name":"Ossature bois - Deco Design","isPartOf":{"@id":"https:\/\/www.deco-design.be\/fr\/#website"},"primaryImageOfPage":{"@id":"https:\/\/www.deco-design.be\/fr\/ossature-bois\/#primaryimage"},"image":{"@id":"https:\/\/www.deco-design.be\/fr\/ossature-bois\/#primaryimage"},"thumbnailUrl":"http:\/\/www.deco-design.be\/wp-content\/uploads\/2020\/01\/houtskelet1.jpg","datePublished":"2019-09-25T07:23:32+00:00","dateModified":"2020-01-28T11:30:12+00:00","breadcrumb":{"@id":"https:\/\/www.deco-design.be\/fr\/ossature-bois\/#breadcrumb"},"inLanguage":"fr-FR","potentialAction":[{"@type":"ReadAction","target":["https:\/\/www.deco-design.be\/fr\/ossature-bois\/"]}]},{"@type":"ImageObject","inLanguage":"fr-FR","@id":"https:\/\/www.deco-design.be\/fr\/ossature-bois\/#primaryimage","url":"https:\/\/www.deco-design.be\/wp-content\/uploads\/2020\/01\/houtskelet1.jpg","contentUrl":"https:\/\/www.deco-design.be\/wp-content\/uploads\/2020\/01\/houtskelet1.jpg","width":463,"height":271},{"@type":"BreadcrumbList","@id":"https:\/\/www.deco-design.be\/fr\/ossature-bois\/#breadcrumb","itemListElement":[{"@type":"ListItem","position":1,"name":"Home","item":"https:\/\/www.deco-design.be\/fr\/"},{"@type":"ListItem","position":2,"name":"Ossature bois"}]},{"@type":"WebSite","@id":"https:\/\/www.deco-design.be\/fr\/#website","url":"https:\/\/www.deco-design.be\/fr\/","name":"Deco Design","description":"","potentialAction":[{"@type":"SearchAction","target":{"@type":"EntryPoint","urlTemplate":"https:\/\/www.deco-design.be\/fr\/?s={search_term_string}"},"query-input":"required name=search_term_string"}],"inLanguage":"fr-FR"}]}},"_links":{"self":[{"href":"https:\/\/www.deco-design.be\/fr\/wp-json\/wp\/v2\/pages\/197"}],"collection":[{"href":"https:\/\/www.deco-design.be\/fr\/wp-json\/wp\/v2\/pages"}],"about":[{"href":"https:\/\/www.deco-design.be\/fr\/wp-json\/wp\/v2\/types\/page"}],"author":[{"embeddable":true,"href":"https:\/\/www.deco-design.be\/fr\/wp-json\/wp\/v2\/users\/1"}],"replies":[{"embeddable":true,"href":"https:\/\/www.deco-design.be\/fr\/wp-json\/wp\/v2\/comments?post=197"}],"version-history":[{"count":13,"href":"https:\/\/www.deco-design.be\/fr\/wp-json\/wp\/v2\/pages\/197\/revisions"}],"predecessor-version":[{"id":719,"href":"https:\/\/www.deco-design.be\/fr\/wp-json\/wp\/v2\/pages\/197\/revisions\/719"}],"wp:attachment":[{"href":"https:\/\/www.deco-design.be\/fr\/wp-json\/wp\/v2\/media?parent=197"}],"curies":[{"name":"wp","href":"https:\/\/api.w.org\/{rel}","templated":true}]}}