{"id":189,"date":"2019-09-25T09:18:17","date_gmt":"2019-09-25T07:18:17","guid":{"rendered":"http:\/\/www.deco-design.be\/?page_id=189"},"modified":"2019-11-26T11:33:34","modified_gmt":"2019-11-26T10:33:34","slug":"prenez-rendez-vous","status":"publish","type":"page","link":"https:\/\/www.deco-design.be\/fr\/prenez-rendez-vous\/","title":{"rendered":"Prenez rendez-vous"},"content":{"rendered":"\n<div class=\"wpcf7 no-js\" id=\"wpcf7-f585-o1\" lang=\"nl-NL\" dir=\"ltr\">\n<div class=\"screen-reader-response\"><p role=\"status\" aria-live=\"polite\" aria-atomic=\"true\"><\/p> <ul><\/ul><\/div>\n<form action=\"\/fr\/wp-json\/wp\/v2\/pages\/189#wpcf7-f585-o1\" method=\"post\" class=\"wpcf7-form init\" aria-label=\"Contactformulier\" novalidate=\"novalidate\" data-status=\"init\">\n<div style=\"display: none;\">\n<input type=\"hidden\" name=\"_wpcf7\" value=\"585\" \/>\n<input type=\"hidden\" name=\"_wpcf7_version\" value=\"5.9.3\" \/>\n<input type=\"hidden\" name=\"_wpcf7_locale\" value=\"nl_NL\" \/>\n<input type=\"hidden\" name=\"_wpcf7_unit_tag\" value=\"wpcf7-f585-o1\" \/>\n<input type=\"hidden\" name=\"_wpcf7_container_post\" value=\"0\" \/>\n<input type=\"hidden\" name=\"_wpcf7_posted_data_hash\" value=\"\" \/>\n<\/div>\n<p><label>Nom*<\/label><span class=\"wpcf7-form-control-wrap\" data-name=\"naam\"><input size=\"40\" class=\"wpcf7-form-control wpcf7-text wpcf7-validates-as-required\" aria-required=\"true\" aria-invalid=\"false\" value=\"\" type=\"text\" name=\"naam\" \/><\/span><br \/>\n<label>Adresse e-mail*<\/label><span class=\"wpcf7-form-control-wrap\" data-name=\"email\"><input size=\"40\" class=\"wpcf7-form-control wpcf7-email wpcf7-validates-as-required wpcf7-text wpcf7-validates-as-email\" aria-required=\"true\" aria-invalid=\"false\" value=\"\" type=\"email\" name=\"email\" \/><\/span><br \/>\n<label>Num\u00e9ro de t\u00e9l\u00e9phone<\/label><span class=\"wpcf7-form-control-wrap\" data-name=\"telefoon\"><input size=\"40\" class=\"wpcf7-form-control wpcf7-tel wpcf7-text wpcf7-validates-as-tel\" aria-invalid=\"false\" value=\"\" type=\"tel\" name=\"telefoon\" \/><\/span><br \/>\n<label>Salle d\u2019expotistion*<\/label><span class=\"wpcf7-form-control-wrap\" data-name=\"vestiging\"><select class=\"wpcf7-form-control wpcf7-select\" aria-invalid=\"false\" name=\"vestiging\"><option value=\"Elversele\">Elversele<\/option><option value=\"Kruisem\">Kruisem<\/option><option value=\"Wommelgem\">Wommelgem<\/option><option value=\"Genk\">Genk<\/option><option value=\"Geel\">Geel<\/option><option value=\"Roeselare\">Roeselare<\/option><option value=\"Kampenhout\">Kampenhout<\/option><option value=\"Sint-Pieters-leew\">Sint-Pieters-leew<\/option><\/select><\/span><br \/>\n<button type=\"submit\" class=\"btn n_btn orange\"><b>Envoyer<\/b><i class=\"fa fa-caret-right right\"><\/i><\/button>\n<\/p><div class=\"wpcf7-response-output\" aria-hidden=\"true\"><\/div>\n<\/form>\n<\/div>\n\n","protected":false},"excerpt":{"rendered":"","protected":false},"author":1,"featured_media":0,"parent":0,"menu_order":0,"comment_status":"closed","ping_status":"closed","template":"","meta":{"_acf_changed":false,"footnotes":""},"acf":[],"yoast_head":"<!-- This site is optimized with the Yoast SEO plugin v22.3 - https:\/\/yoast.com\/wordpress\/plugins\/seo\/ -->\n<title>Prenez rendez-vous - Deco Design<\/title>\n<meta name=\"robots\" content=\"index, follow, max-snippet:-1, max-image-preview:large, max-video-preview:-1\" \/>\n<link rel=\"canonical\" href=\"https:\/\/www.deco-design.be\/fr\/prenez-rendez-vous\/\" \/>\n<meta property=\"og:locale\" content=\"fr_FR\" \/>\n<meta property=\"og:type\" content=\"article\" \/>\n<meta property=\"og:title\" content=\"Prenez rendez-vous - Deco Design\" \/>\n<meta property=\"og:url\" content=\"https:\/\/www.deco-design.be\/fr\/prenez-rendez-vous\/\" \/>\n<meta property=\"og:site_name\" content=\"Deco Design\" \/>\n<meta property=\"article:modified_time\" content=\"2019-11-26T10:33:34+00:00\" \/>\n<meta name=\"twitter:card\" content=\"summary_large_image\" \/>\n<script type=\"application\/ld+json\" class=\"yoast-schema-graph\">{\"@context\":\"https:\/\/schema.org\",\"@graph\":[{\"@type\":\"WebPage\",\"@id\":\"https:\/\/www.deco-design.be\/fr\/prenez-rendez-vous\/\",\"url\":\"https:\/\/www.deco-design.be\/fr\/prenez-rendez-vous\/\",\"name\":\"Prenez rendez-vous - Deco Design\",\"isPartOf\":{\"@id\":\"https:\/\/www.deco-design.be\/fr\/#website\"},\"datePublished\":\"2019-09-25T07:18:17+00:00\",\"dateModified\":\"2019-11-26T10:33:34+00:00\",\"breadcrumb\":{\"@id\":\"https:\/\/www.deco-design.be\/fr\/prenez-rendez-vous\/#breadcrumb\"},\"inLanguage\":\"fr-FR\",\"potentialAction\":[{\"@type\":\"ReadAction\",\"target\":[\"https:\/\/www.deco-design.be\/fr\/prenez-rendez-vous\/\"]}]},{\"@type\":\"BreadcrumbList\",\"@id\":\"https:\/\/www.deco-design.be\/fr\/prenez-rendez-vous\/#breadcrumb\",\"itemListElement\":[{\"@type\":\"ListItem\",\"position\":1,\"name\":\"Home\",\"item\":\"https:\/\/www.deco-design.be\/fr\/\"},{\"@type\":\"ListItem\",\"position\":2,\"name\":\"Prenez rendez-vous\"}]},{\"@type\":\"WebSite\",\"@id\":\"https:\/\/www.deco-design.be\/fr\/#website\",\"url\":\"https:\/\/www.deco-design.be\/fr\/\",\"name\":\"Deco Design\",\"description\":\"\",\"potentialAction\":[{\"@type\":\"SearchAction\",\"target\":{\"@type\":\"EntryPoint\",\"urlTemplate\":\"https:\/\/www.deco-design.be\/fr\/?s={search_term_string}\"},\"query-input\":\"required name=search_term_string\"}],\"inLanguage\":\"fr-FR\"}]}<\/script>\n<!-- \/ Yoast SEO plugin. -->","yoast_head_json":{"title":"Prenez rendez-vous - Deco Design","robots":{"index":"index","follow":"follow","max-snippet":"max-snippet:-1","max-image-preview":"max-image-preview:large","max-video-preview":"max-video-preview:-1"},"canonical":"https:\/\/www.deco-design.be\/fr\/prenez-rendez-vous\/","og_locale":"fr_FR","og_type":"article","og_title":"Prenez rendez-vous - Deco Design","og_url":"https:\/\/www.deco-design.be\/fr\/prenez-rendez-vous\/","og_site_name":"Deco Design","article_modified_time":"2019-11-26T10:33:34+00:00","twitter_card":"summary_large_image","schema":{"@context":"https:\/\/schema.org","@graph":[{"@type":"WebPage","@id":"https:\/\/www.deco-design.be\/fr\/prenez-rendez-vous\/","url":"https:\/\/www.deco-design.be\/fr\/prenez-rendez-vous\/","name":"Prenez rendez-vous - Deco Design","isPartOf":{"@id":"https:\/\/www.deco-design.be\/fr\/#website"},"datePublished":"2019-09-25T07:18:17+00:00","dateModified":"2019-11-26T10:33:34+00:00","breadcrumb":{"@id":"https:\/\/www.deco-design.be\/fr\/prenez-rendez-vous\/#breadcrumb"},"inLanguage":"fr-FR","potentialAction":[{"@type":"ReadAction","target":["https:\/\/www.deco-design.be\/fr\/prenez-rendez-vous\/"]}]},{"@type":"BreadcrumbList","@id":"https:\/\/www.deco-design.be\/fr\/prenez-rendez-vous\/#breadcrumb","itemListElement":[{"@type":"ListItem","position":1,"name":"Home","item":"https:\/\/www.deco-design.be\/fr\/"},{"@type":"ListItem","position":2,"name":"Prenez rendez-vous"}]},{"@type":"WebSite","@id":"https:\/\/www.deco-design.be\/fr\/#website","url":"https:\/\/www.deco-design.be\/fr\/","name":"Deco Design","description":"","potentialAction":[{"@type":"SearchAction","target":{"@type":"EntryPoint","urlTemplate":"https:\/\/www.deco-design.be\/fr\/?s={search_term_string}"},"query-input":"required name=search_term_string"}],"inLanguage":"fr-FR"}]}},"_links":{"self":[{"href":"https:\/\/www.deco-design.be\/fr\/wp-json\/wp\/v2\/pages\/189"}],"collection":[{"href":"https:\/\/www.deco-design.be\/fr\/wp-json\/wp\/v2\/pages"}],"about":[{"href":"https:\/\/www.deco-design.be\/fr\/wp-json\/wp\/v2\/types\/page"}],"author":[{"embeddable":true,"href":"https:\/\/www.deco-design.be\/fr\/wp-json\/wp\/v2\/users\/1"}],"replies":[{"embeddable":true,"href":"https:\/\/www.deco-design.be\/fr\/wp-json\/wp\/v2\/comments?post=189"}],"version-history":[{"count":5,"href":"https:\/\/www.deco-design.be\/fr\/wp-json\/wp\/v2\/pages\/189\/revisions"}],"predecessor-version":[{"id":593,"href":"https:\/\/www.deco-design.be\/fr\/wp-json\/wp\/v2\/pages\/189\/revisions\/593"}],"wp:attachment":[{"href":"https:\/\/www.deco-design.be\/fr\/wp-json\/wp\/v2\/media?parent=189"}],"curies":[{"name":"wp","href":"https:\/\/api.w.org\/{rel}","templated":true}]}}