{"id":127,"date":"2017-02-06T09:11:47","date_gmt":"2017-02-06T08:11:47","guid":{"rendered":"http:\/\/www.deco-design.be\/welkom\/"},"modified":"2019-12-09T12:29:18","modified_gmt":"2019-12-09T11:29:18","slug":"welkom","status":"publish","type":"page","link":"https:\/\/www.deco-design.be\/fr\/","title":{"rendered":"Bienvenue"},"content":{"rendered":"<p>Deco Design propose une large gamme d\u2019annexes, de poolhouses, d\u2019abris de jardin, de v\u00e9randas et de carports en bois, selon le principe de l\u2019ossature bois. Gr\u00e2ce \u00e0 sa grande expertise et \u00e0 sa collaboration avec l\u2019\u00e9quipe de design de Top Cottage, Deco Design est garante d\u2019annexes en bois de qualit\u00e9 sup\u00e9rieure superbement finies. Les mat\u00e9riaux utilis\u00e9s pour leur fabrication sont du m\u00eame niveau de qualit\u00e9. Les b\u00e2timents en bois procurent une sensation tr\u00e8s agr\u00e9able, car ce mat\u00e9riau absorbe le carbone et produit de l\u2019oxyg\u00e8ne.<\/p>\n<p><img decoding=\"async\" class=\"alignright wp-image-623 size-thumbnail\" src=\"http:\/\/www.deco-design.be\/wp-content\/uploads\/2019\/12\/sans-entretien_bruin-150x150.png\" alt=\"\" width=\"150\" height=\"150\" srcset=\"https:\/\/www.deco-design.be\/wp-content\/uploads\/2019\/12\/sans-entretien_bruin-150x150.png 150w, https:\/\/www.deco-design.be\/wp-content\/uploads\/2019\/12\/sans-entretien_bruin-300x300.png 300w, https:\/\/www.deco-design.be\/wp-content\/uploads\/2019\/12\/sans-entretien_bruin-768x768.png 768w, https:\/\/www.deco-design.be\/wp-content\/uploads\/2019\/12\/sans-entretien_bruin-1024x1024.png 1024w, https:\/\/www.deco-design.be\/wp-content\/uploads\/2019\/12\/sans-entretien_bruin-550x550.png 550w, https:\/\/www.deco-design.be\/wp-content\/uploads\/2019\/12\/sans-entretien_bruin.png 1181w\" sizes=\"(max-width: 150px) 100vw, 150px\" \/><\/p>\n<p>Au Canada et aux \u00c9tats-Unis, 90 % des maisons sont des \u00ab timber frame constructions \u00bb (constructions \u00e0 ossature bois). Nous vous pr\u00e9sentons quelques constructions standard. Il s\u2019agit toutefois d\u2019exemples qui peuvent totalement \u00eatre adapt\u00e9s \u00e0 vos pr\u00e9f\u00e9rences personnelles. Selon la gamme, les constructions sont r\u00e9alis\u00e9es en bois de thermowood (conif\u00e9re thermique) et\/ou en bois de grange.<\/p>\n","protected":false},"excerpt":{"rendered":"<p>Deco Design propose une large gamme d\u2019annexes, de poolhouses, d\u2019abris de jardin, de v\u00e9randas et de carports en bois, selon le principe de l\u2019ossature bois. Gr\u00e2ce \u00e0 sa grande expertise et \u00e0 sa collaboration avec l\u2019\u00e9quipe de design de Top Cottage, Deco Design est garante d\u2019annexes en bois de qualit\u00e9 sup\u00e9rieure superbement finies. Les mat\u00e9riaux [&hellip;]<\/p>\n","protected":false},"author":1,"featured_media":0,"parent":0,"menu_order":0,"comment_status":"closed","ping_status":"closed","template":"","meta":{"_acf_changed":false,"footnotes":""},"acf":[],"yoast_head":"<!-- This site is optimized with the Yoast SEO plugin v22.3 - https:\/\/yoast.com\/wordpress\/plugins\/seo\/ -->\n<title>Bienvenue - Deco Design<\/title>\n<meta name=\"robots\" content=\"index, follow, max-snippet:-1, max-image-preview:large, max-video-preview:-1\" \/>\n<link rel=\"canonical\" href=\"https:\/\/www.deco-design.be\/fr\/\" \/>\n<meta property=\"og:locale\" content=\"fr_FR\" \/>\n<meta property=\"og:type\" content=\"article\" \/>\n<meta property=\"og:title\" content=\"Bienvenue - Deco Design\" \/>\n<meta property=\"og:description\" content=\"Deco Design propose une large gamme d\u2019annexes, de poolhouses, d\u2019abris de jardin, de v\u00e9randas et de carports en bois, selon le principe de l\u2019ossature bois. Gr\u00e2ce \u00e0 sa grande expertise et \u00e0 sa collaboration avec l\u2019\u00e9quipe de design de Top Cottage, Deco Design est garante d\u2019annexes en bois de qualit\u00e9 sup\u00e9rieure superbement finies. Les mat\u00e9riaux [&hellip;]\" \/>\n<meta property=\"og:url\" content=\"https:\/\/www.deco-design.be\/fr\/\" \/>\n<meta property=\"og:site_name\" content=\"Deco Design\" \/>\n<meta property=\"article:modified_time\" content=\"2019-12-09T11:29:18+00:00\" \/>\n<meta property=\"og:image\" content=\"http:\/\/www.deco-design.be\/wp-content\/uploads\/2019\/12\/sans-entretien_bruin-150x150.png\" \/>\n<meta name=\"twitter:card\" content=\"summary_large_image\" \/>\n<meta name=\"twitter:label1\" content=\"Dur\u00e9e de lecture estim\u00e9e\" \/>\n\t<meta name=\"twitter:data1\" content=\"1 minute\" \/>\n<script type=\"application\/ld+json\" class=\"yoast-schema-graph\">{\"@context\":\"https:\/\/schema.org\",\"@graph\":[{\"@type\":\"WebPage\",\"@id\":\"https:\/\/www.deco-design.be\/fr\/\",\"url\":\"https:\/\/www.deco-design.be\/fr\/\",\"name\":\"Bienvenue - Deco Design\",\"isPartOf\":{\"@id\":\"https:\/\/www.deco-design.be\/fr\/#website\"},\"primaryImageOfPage\":{\"@id\":\"https:\/\/www.deco-design.be\/fr\/#primaryimage\"},\"image\":{\"@id\":\"https:\/\/www.deco-design.be\/fr\/#primaryimage\"},\"thumbnailUrl\":\"http:\/\/www.deco-design.be\/wp-content\/uploads\/2019\/12\/sans-entretien_bruin-150x150.png\",\"datePublished\":\"2017-02-06T08:11:47+00:00\",\"dateModified\":\"2019-12-09T11:29:18+00:00\",\"breadcrumb\":{\"@id\":\"https:\/\/www.deco-design.be\/fr\/#breadcrumb\"},\"inLanguage\":\"fr-FR\",\"potentialAction\":[{\"@type\":\"ReadAction\",\"target\":[\"https:\/\/www.deco-design.be\/fr\/\"]}]},{\"@type\":\"ImageObject\",\"inLanguage\":\"fr-FR\",\"@id\":\"https:\/\/www.deco-design.be\/fr\/#primaryimage\",\"url\":\"https:\/\/www.deco-design.be\/wp-content\/uploads\/2019\/12\/sans-entretien_bruin.png\",\"contentUrl\":\"https:\/\/www.deco-design.be\/wp-content\/uploads\/2019\/12\/sans-entretien_bruin.png\",\"width\":1181,\"height\":1181},{\"@type\":\"BreadcrumbList\",\"@id\":\"https:\/\/www.deco-design.be\/fr\/#breadcrumb\",\"itemListElement\":[{\"@type\":\"ListItem\",\"position\":1,\"name\":\"Home\",\"item\":\"https:\/\/www.deco-design.be\/fr\/\"},{\"@type\":\"ListItem\",\"position\":2,\"name\":\"Bienvenue\"}]},{\"@type\":\"WebSite\",\"@id\":\"https:\/\/www.deco-design.be\/fr\/#website\",\"url\":\"https:\/\/www.deco-design.be\/fr\/\",\"name\":\"Deco Design\",\"description\":\"\",\"potentialAction\":[{\"@type\":\"SearchAction\",\"target\":{\"@type\":\"EntryPoint\",\"urlTemplate\":\"https:\/\/www.deco-design.be\/fr\/?s={search_term_string}\"},\"query-input\":\"required name=search_term_string\"}],\"inLanguage\":\"fr-FR\"}]}<\/script>\n<!-- \/ Yoast SEO plugin. -->","yoast_head_json":{"title":"Bienvenue - Deco Design","robots":{"index":"index","follow":"follow","max-snippet":"max-snippet:-1","max-image-preview":"max-image-preview:large","max-video-preview":"max-video-preview:-1"},"canonical":"https:\/\/www.deco-design.be\/fr\/","og_locale":"fr_FR","og_type":"article","og_title":"Bienvenue - Deco Design","og_description":"Deco Design propose une large gamme d\u2019annexes, de poolhouses, d\u2019abris de jardin, de v\u00e9randas et de carports en bois, selon le principe de l\u2019ossature bois. Gr\u00e2ce \u00e0 sa grande expertise et \u00e0 sa collaboration avec l\u2019\u00e9quipe de design de Top Cottage, Deco Design est garante d\u2019annexes en bois de qualit\u00e9 sup\u00e9rieure superbement finies. Les mat\u00e9riaux [&hellip;]","og_url":"https:\/\/www.deco-design.be\/fr\/","og_site_name":"Deco Design","article_modified_time":"2019-12-09T11:29:18+00:00","og_image":[{"url":"http:\/\/www.deco-design.be\/wp-content\/uploads\/2019\/12\/sans-entretien_bruin-150x150.png"}],"twitter_card":"summary_large_image","twitter_misc":{"Dur\u00e9e de lecture estim\u00e9e":"1 minute"},"schema":{"@context":"https:\/\/schema.org","@graph":[{"@type":"WebPage","@id":"https:\/\/www.deco-design.be\/fr\/","url":"https:\/\/www.deco-design.be\/fr\/","name":"Bienvenue - Deco Design","isPartOf":{"@id":"https:\/\/www.deco-design.be\/fr\/#website"},"primaryImageOfPage":{"@id":"https:\/\/www.deco-design.be\/fr\/#primaryimage"},"image":{"@id":"https:\/\/www.deco-design.be\/fr\/#primaryimage"},"thumbnailUrl":"http:\/\/www.deco-design.be\/wp-content\/uploads\/2019\/12\/sans-entretien_bruin-150x150.png","datePublished":"2017-02-06T08:11:47+00:00","dateModified":"2019-12-09T11:29:18+00:00","breadcrumb":{"@id":"https:\/\/www.deco-design.be\/fr\/#breadcrumb"},"inLanguage":"fr-FR","potentialAction":[{"@type":"ReadAction","target":["https:\/\/www.deco-design.be\/fr\/"]}]},{"@type":"ImageObject","inLanguage":"fr-FR","@id":"https:\/\/www.deco-design.be\/fr\/#primaryimage","url":"https:\/\/www.deco-design.be\/wp-content\/uploads\/2019\/12\/sans-entretien_bruin.png","contentUrl":"https:\/\/www.deco-design.be\/wp-content\/uploads\/2019\/12\/sans-entretien_bruin.png","width":1181,"height":1181},{"@type":"BreadcrumbList","@id":"https:\/\/www.deco-design.be\/fr\/#breadcrumb","itemListElement":[{"@type":"ListItem","position":1,"name":"Home","item":"https:\/\/www.deco-design.be\/fr\/"},{"@type":"ListItem","position":2,"name":"Bienvenue"}]},{"@type":"WebSite","@id":"https:\/\/www.deco-design.be\/fr\/#website","url":"https:\/\/www.deco-design.be\/fr\/","name":"Deco Design","description":"","potentialAction":[{"@type":"SearchAction","target":{"@type":"EntryPoint","urlTemplate":"https:\/\/www.deco-design.be\/fr\/?s={search_term_string}"},"query-input":"required name=search_term_string"}],"inLanguage":"fr-FR"}]}},"_links":{"self":[{"href":"https:\/\/www.deco-design.be\/fr\/wp-json\/wp\/v2\/pages\/127"}],"collection":[{"href":"https:\/\/www.deco-design.be\/fr\/wp-json\/wp\/v2\/pages"}],"about":[{"href":"https:\/\/www.deco-design.be\/fr\/wp-json\/wp\/v2\/types\/page"}],"author":[{"embeddable":true,"href":"https:\/\/www.deco-design.be\/fr\/wp-json\/wp\/v2\/users\/1"}],"replies":[{"embeddable":true,"href":"https:\/\/www.deco-design.be\/fr\/wp-json\/wp\/v2\/comments?post=127"}],"version-history":[{"count":18,"href":"https:\/\/www.deco-design.be\/fr\/wp-json\/wp\/v2\/pages\/127\/revisions"}],"predecessor-version":[{"id":641,"href":"https:\/\/www.deco-design.be\/fr\/wp-json\/wp\/v2\/pages\/127\/revisions\/641"}],"wp:attachment":[{"href":"https:\/\/www.deco-design.be\/fr\/wp-json\/wp\/v2\/media?parent=127"}],"curies":[{"name":"wp","href":"https:\/\/api.w.org\/{rel}","templated":true}]}}